{"id":1078,"date":"2023-10-22T15:34:34","date_gmt":"2023-10-22T13:34:34","guid":{"rendered":"https:\/\/iso.spdns.de\/?page_id=1078"},"modified":"2023-10-22T23:28:08","modified_gmt":"2023-10-22T21:28:08","slug":"emcf-10-gbe-netzwerk","status":"publish","type":"page","link":"https:\/\/iso.spdns.de\/?page_id=1078","title":{"rendered":"EMCF 10 GbE Netzwerk"},"content":{"rendered":"\n<p><strong><em><u>Nachfolgende Voraussetzungen f\u00fcr 10 GbE sind zu pr\u00fcfen und <\/u><\/em><\/strong><strong><em><u>mit <\/u><\/em><\/strong><strong><em><u>deren Komponenten sollten das bestehende Netzwerk <\/u><\/em><\/strong><strong><em><u>ggf.<\/u><\/em><\/strong><strong><em><u> erg\u00e4nz<\/u><\/em><\/strong><strong><em><u>t werden<\/u><\/em><\/strong><strong><em><u>.<\/u><\/em><\/strong><\/p>\n\n\n\n<p><strong>Upgrade der Netzwerkverteilung<\/strong> ist n\u00f6tig. Einbau eines <strong>Cat 6a-Patchpanel<\/strong><strong>s!<\/strong><\/p>\n\n\n\n<p><strong>Die verlegten Kabel entsprechen <\/strong><strong>nicht<\/strong><strong> dem Cat 6a-Standard und sind somit <\/strong><strong>nicht <\/strong><strong>10 GbE kompatibel. <\/strong><strong>Netzwerkdose<\/strong><strong>n und Kabel<\/strong><strong> m<\/strong><strong>\u00fcssen<\/strong><strong> ebenfalls f\u00fcr eine 10 GbE-Verbindung <\/strong><strong>soweit erg\u00e4nzt werden, dass pro B\u00fcro 2 10Gbe Anschl\u00fcsse verf\u00fcgbar sind<\/strong><strong>.<\/strong><\/p>\n\n\n\n<p><strong>Alle Clients \/ Netzwerkdosen, die auch zuk\u00fcnftig nur mit Gigabit-Ethernet (1 Gb\/s) angesprochen werden, sind weiterhin \u00fcber den bereits vorhandene<\/strong><strong>n<\/strong><strong> Gigabit-Ethernet-Switch angebunden.<\/strong><\/p>\n\n\n\n<p><strong>F\u00fcr die Verbindung der neuen 10 GbE-Ger\u00e4te ist ein <\/strong><strong>(oder 2) <\/strong><strong>Switc<\/strong><strong>h<\/strong><strong> notwendig, der mit 10GBASE-T umgehen kann. <\/strong><strong>Beispielsweise den<\/strong><strong> QNAP QSW-1208-8C, einen unmanaged Switch mit 12 Ports. <\/strong>Es handelt sich dabei um ein <strong>Hybrid-Ger\u00e4<\/strong>t, das sowohl <strong>8 RJ45-Ports<\/strong> als auch 12 SFP+-Ports bereith\u00e4lt. Es k\u00f6nnen jedoch <strong>maximal 12 Clients<\/strong> angebunden werden. F\u00fcr unser Vorhaben bleiben die SFP+-Ports somit ungenutzt und f\u00fcr das 10 GbE Netzwerk stehen 7 RJ45 Ports zur Verf\u00fcgung (1x RJ45 dient zur Anbindung ans Netz).<\/p>\n\n\n\n<p>Au\u00dferdem werden das 1-GbE- und das 10-GbE-Netzwerk \u00fcber ein einzelnes RJ45-Kabel miteinander verbunden, um Daten auszutauschen. Der QNAP Switch ist daf\u00fcr \u00fcber RJ45 <strong>abw\u00e4rtskompatibel<\/strong> zu 5 Gbit\/s, 2.5 Gbit\/s, 1 GBit\/s und 100 Mbit\/s.<\/p>\n\n\n\n<p>Als Workstations die zur Bildverarbeitung\/Tomographie an das 10GbE Netzwerk angeschlossen werden, sollten bevorzugt die neueren HP z440 Workstations und 2 neu (gebraucht) anzuschaffende HP Workstation aus der Z4\/Z6 Linie dienen. F\u00fcr die z440 Workstations m\u00fcssen daf\u00fcr <strong>Intel X540-T2 10GbE Dual Port Adapter <\/strong>oder andere 10 GbE-Kompatible Netzwerkadapter beschafft werden.<\/p>\n\n\n\n<hr class=\"wp-block-separator has-alpha-channel-opacity\"\/>\n\n\n\n<p>Fragen:<\/p>\n\n\n\n<p>\u00dcbergang Backbone Uni-Netz auf das neue 10 GbE Netz der EMCF (Virologie als Beispiel).<\/p>\n\n\n\n<p>Zu kl\u00e4ren ist die Netzwerkverbindung des neuen Mikroskops und dessen Betriebssystem, damit die Kompatibilit\u00e4t zur bestehenden Hardware gepr\u00fcft werden kann.<\/p>\n\n\n\n<p>Bester Standort f\u00fcr den neuen Switch (oder die 2 neuen Switches).<\/p>\n\n\n\n<hr class=\"wp-block-separator has-alpha-channel-opacity\"\/>\n\n\n\n<h1 class=\"wp-block-heading\">SFP+ DAC Kabel passiv<\/h1>\n\n\n\n<h2 class=\"wp-block-heading\">Beschreibung<\/h2>\n\n\n\n<p>SFP+ DAC (Direct Attach Cable) Kupfer Kabel bestehen aus 2 SFP+ Modulen, die ohne separate Steckverbindung direkt per Kupferkabel miteinander verbunden sind und f\u00fcr kurze Distanzen gerne als kosteng\u00fcnstige Alternative eingesetzt werden.<\/p>\n\n\n\n<p>Jedoch ist zu beachten, dass eine Installation bei der mehrere von diesen DACs und mehrere elektrische Ger\u00e4te auf engem Raum zum Einsatz kommen nicht zu empfehlen ist, da hier die elektrischen \u00e4u\u00dferen Einfl\u00fcsse zu unerw\u00fcnschten St\u00f6rungen bei den Daten\u00fcbertragungen f\u00fchren kann. F\u00fcr solche Anwendungen empfehlen wir unsere <a href=\"https:\/\/shop.fiber24.net\/SFPP-AOC-ACTIVE\/de\">AOC Active Optical Cables<\/a>.<\/p>\n\n\n\n<h2 class=\"wp-block-heading\">Features<\/h2>\n\n\n\n<ul class=\"wp-block-list\">\n<li>Geringe Leistungsaufnahme &lt;0,9 W typisch<\/li>\n\n\n\n<li>Erweiterter Temperaturbereich -10\u00b0C bis +70\u00b0C<\/li>\n\n\n\n<li>RoHS-konform<\/li>\n<\/ul>\n\n\n\n<h2 class=\"wp-block-heading\">Applikationen<\/h2>\n\n\n\n<p>10,3125 Gbit\/s Ethernet<\/p>\n\n\n\n<h1 class=\"wp-block-heading\">Active Optical Cables<\/h1>\n\n\n\n<p>Active Optical Cables (AOCs) are transceiver products that have fiber optic cables permanently embedded in each end for applications with predictable and consistent link distance needs. Available in edge pluggable variants only, these \u201cready to use\u201d electrical-to-optical converters provide generations of optical connectivity at data rates up to 100Gb\/s and link distances up to 100 meters. AOCs and passive copper Direct Attach Cables (DAC) are commonly deployed in server to Top-of-Rack type applications, where link distances are typically less than 30 meters. The advantage of AOCs are longer link distances, less bulky physical cabling and an active digital high speed electrical interface facing the host ASIC. Target applications include LAN Ethernet, InfiniBand, OmniPath and Proprietary Interconnect networks.<\/p>\n\n\n\n<figure class=\"wp-block-image size-large\"><img loading=\"lazy\" decoding=\"async\" width=\"1024\" height=\"389\" src=\"https:\/\/iso.spdns.de\/wp-content\/uploads\/2023\/10\/grafik-1-1024x389.png\" alt=\"\" class=\"wp-image-1091\" srcset=\"https:\/\/iso.spdns.de\/wp-content\/uploads\/2023\/10\/grafik-1-1024x389.png 1024w, https:\/\/iso.spdns.de\/wp-content\/uploads\/2023\/10\/grafik-1-300x114.png 300w, https:\/\/iso.spdns.de\/wp-content\/uploads\/2023\/10\/grafik-1-768x292.png 768w, https:\/\/iso.spdns.de\/wp-content\/uploads\/2023\/10\/grafik-1.png 1250w\" sizes=\"auto, (max-width: 1024px) 100vw, 1024px\" \/><\/figure>\n","protected":false},"excerpt":{"rendered":"<p>Nachfolgende Voraussetzungen f\u00fcr 10 GbE sind zu pr\u00fcfen und mit deren Komponenten sollten das bestehende Netzwerk ggf. erg\u00e4nzt werden. Upgrade der Netzwerkverteilung ist n\u00f6tig. Einbau eines Cat 6a-Patchpanels! Die verlegten Kabel entsprechen nicht dem Cat 6a-Standard und sind somit nicht 10 GbE kompatibel. Netzwerkdosen und Kabel m\u00fcssen ebenfalls f\u00fcr eine [&#8230;]<\/p>\n","protected":false},"author":1,"featured_media":0,"parent":0,"menu_order":0,"comment_status":"closed","ping_status":"closed","template":"","meta":{"footnotes":""},"class_list":["post-1078","page","type-page","status-publish","hentry"],"_links":{"self":[{"href":"https:\/\/iso.spdns.de\/index.php?rest_route=\/wp\/v2\/pages\/1078","targetHints":{"allow":["GET"]}}],"collection":[{"href":"https:\/\/iso.spdns.de\/index.php?rest_route=\/wp\/v2\/pages"}],"about":[{"href":"https:\/\/iso.spdns.de\/index.php?rest_route=\/wp\/v2\/types\/page"}],"author":[{"embeddable":true,"href":"https:\/\/iso.spdns.de\/index.php?rest_route=\/wp\/v2\/users\/1"}],"replies":[{"embeddable":true,"href":"https:\/\/iso.spdns.de\/index.php?rest_route=%2Fwp%2Fv2%2Fcomments&post=1078"}],"version-history":[{"count":5,"href":"https:\/\/iso.spdns.de\/index.php?rest_route=\/wp\/v2\/pages\/1078\/revisions"}],"predecessor-version":[{"id":1092,"href":"https:\/\/iso.spdns.de\/index.php?rest_route=\/wp\/v2\/pages\/1078\/revisions\/1092"}],"wp:attachment":[{"href":"https:\/\/iso.spdns.de\/index.php?rest_route=%2Fwp%2Fv2%2Fmedia&parent=1078"}],"curies":[{"name":"wp","href":"https:\/\/api.w.org\/{rel}","templated":true}]}}