{"id":1312,"date":"2025-01-02T19:48:14","date_gmt":"2025-01-02T18:48:14","guid":{"rendered":"https:\/\/iso.spdns.de\/?page_id=1312"},"modified":"2025-01-02T20:44:39","modified_gmt":"2025-01-02T19:44:39","slug":"thin-clients-im-einsatz","status":"publish","type":"page","link":"https:\/\/iso.spdns.de\/?page_id=1312","title":{"rendered":"Thin Clients im Einsatz"},"content":{"rendered":"\n<p>HP t520 Dual Core und t620 Quad Core sind meine altgedienten Arbeitstiere. Nachdem ich mehrere von diesen kleinen Computern f\u00fcr sehr wenig Geld bekommen hatte, bin ich auf den Geschmack gekommen. Es handelt sich bei beiden Mini PCs um 64bit Computer, auf denen sich ohne viel M\u00fche ein komplettes Linux installieren l\u00e4\u00dft. Je mach Einsatzgebiet wurden sie mit etwas zus\u00e4tzlichem Arbeitsspeicher und einer SSD ausgestattet, ehe sie an die Arbeit gestellt wurden. Diese Website l\u00e4uft beispielsweise auf einem t620. Die Core 2 Modelle nutze ich mit Hilfe einiger 1-wire Sensoren zum messen von Temperaturen im Au\u00dfenbereich und auch innerhalb des Hauses. <\/p>\n\n\n\n<figure class=\"wp-block-image size-large\"><img loading=\"lazy\" decoding=\"async\" width=\"1024\" height=\"653\" src=\"https:\/\/iso.spdns.de\/wp-content\/uploads\/2025\/01\/t620-1024x653.jpg\" alt=\"HP t620\" class=\"wp-image-1315\" srcset=\"https:\/\/iso.spdns.de\/wp-content\/uploads\/2025\/01\/t620-1024x653.jpg 1024w, https:\/\/iso.spdns.de\/wp-content\/uploads\/2025\/01\/t620-300x191.jpg 300w, https:\/\/iso.spdns.de\/wp-content\/uploads\/2025\/01\/t620-768x489.jpg 768w, https:\/\/iso.spdns.de\/wp-content\/uploads\/2025\/01\/t620-1536x979.jpg 1536w, https:\/\/iso.spdns.de\/wp-content\/uploads\/2025\/01\/t620-2048x1305.jpg 2048w, https:\/\/iso.spdns.de\/wp-content\/uploads\/2025\/01\/t620-1800x1147.jpg 1800w\" sizes=\"auto, (max-width: 1024px) 100vw, 1024px\" \/><\/figure>\n\n\n\n<p>Vor einigen Wochen kamen dann einige weitere Thin Clients der Firma Igel hinzu, da ich bei einem Preis von 5\u20ac pro PC nicht widerstehen konnte. Auf einem Igel l\u00e4uft nun ein BirdWeather Server an den 2 alte Mobiltelephone per WLAN angeschlossen sind, die mit BirdNet-Go basierend auf den Tensorflow Libraries von Google die Gartenv\u00f6gel anhand ihres Gesanges identifizieren und die Ergebnisse auf einer Website ver\u00f6ffentlichen.<\/p>\n\n\n\n<figure class=\"wp-block-image size-large\"><img loading=\"lazy\" decoding=\"async\" width=\"860\" height=\"1024\" src=\"https:\/\/iso.spdns.de\/wp-content\/uploads\/2025\/01\/igel-s-860x1024.jpg\" alt=\"Igel \" class=\"wp-image-1316\" srcset=\"https:\/\/iso.spdns.de\/wp-content\/uploads\/2025\/01\/igel-s-860x1024.jpg 860w, https:\/\/iso.spdns.de\/wp-content\/uploads\/2025\/01\/igel-s-252x300.jpg 252w, https:\/\/iso.spdns.de\/wp-content\/uploads\/2025\/01\/igel-s-768x915.jpg 768w, https:\/\/iso.spdns.de\/wp-content\/uploads\/2025\/01\/igel-s-1290x1536.jpg 1290w, https:\/\/iso.spdns.de\/wp-content\/uploads\/2025\/01\/igel-s-1719x2048.jpg 1719w, https:\/\/iso.spdns.de\/wp-content\/uploads\/2025\/01\/igel-s-1800x2144.jpg 1800w\" sizes=\"auto, (max-width: 860px) 100vw, 860px\" \/><\/figure>\n","protected":false},"excerpt":{"rendered":"<p>HP t520 Dual Core und t620 Quad Core sind meine altgedienten Arbeitstiere. Nachdem ich mehrere von diesen kleinen Computern f\u00fcr sehr wenig Geld bekommen hatte, bin ich auf den Geschmack gekommen. Es handelt sich bei beiden Mini PCs um 64bit Computer, auf denen sich ohne viel M\u00fche ein komplettes Linux [&#8230;]<\/p>\n","protected":false},"author":1,"featured_media":0,"parent":0,"menu_order":0,"comment_status":"closed","ping_status":"closed","template":"","meta":{"footnotes":""},"class_list":["post-1312","page","type-page","status-publish","hentry"],"_links":{"self":[{"href":"https:\/\/iso.spdns.de\/index.php?rest_route=\/wp\/v2\/pages\/1312","targetHints":{"allow":["GET"]}}],"collection":[{"href":"https:\/\/iso.spdns.de\/index.php?rest_route=\/wp\/v2\/pages"}],"about":[{"href":"https:\/\/iso.spdns.de\/index.php?rest_route=\/wp\/v2\/types\/page"}],"author":[{"embeddable":true,"href":"https:\/\/iso.spdns.de\/index.php?rest_route=\/wp\/v2\/users\/1"}],"replies":[{"embeddable":true,"href":"https:\/\/iso.spdns.de\/index.php?rest_route=%2Fwp%2Fv2%2Fcomments&post=1312"}],"version-history":[{"count":2,"href":"https:\/\/iso.spdns.de\/index.php?rest_route=\/wp\/v2\/pages\/1312\/revisions"}],"predecessor-version":[{"id":1317,"href":"https:\/\/iso.spdns.de\/index.php?rest_route=\/wp\/v2\/pages\/1312\/revisions\/1317"}],"wp:attachment":[{"href":"https:\/\/iso.spdns.de\/index.php?rest_route=%2Fwp%2Fv2%2Fmedia&parent=1312"}],"curies":[{"name":"wp","href":"https:\/\/api.w.org\/{rel}","templated":true}]}}