{"id":1370,"date":"2025-05-22T16:02:14","date_gmt":"2025-05-22T14:02:14","guid":{"rendered":"https:\/\/iso.spdns.de\/?page_id=1370"},"modified":"2025-05-27T13:15:18","modified_gmt":"2025-05-27T11:15:18","slug":"zeiss-winkel-standard-gf","status":"publish","type":"page","link":"https:\/\/iso.spdns.de\/?page_id=1370","title":{"rendered":"Zeiss Winkel Standard GF"},"content":{"rendered":"\n<p>&#8230;. mir ist schon wieder ein Mikroskop zugeflogen &#8230;<\/p>\n\n\n\n<p>Wenn ich irgendwo ein Mikroskop stehen sehe, mu\u00df ich einfach nachfragen, was es damit auf sich hat. Als dies letztens mal wieder passierte, wurde mir das Mikroskop nach einem kurzen Gespr\u00e4ch f\u00fcr 20\u20ac zum Kauf angeboten und ich konnte nat\u00fcrlich nicht widerstehen, denn dieses sch\u00f6ne alte Lichtmikroskop wurde ca 1955 in G\u00f6ttingen von der Firma Winkel gefertigt, die damals schon zu Zeiss geh\u00f6rte. Es stellt den Vorl\u00e4ufer einer Mikroskopserie dar, die f\u00fcr Zeiss ein gro\u00dfer Erfolg wurde und weltweit verkauft wurde.<\/p>\n\n\n\n<figure class=\"wp-block-image size-full\"><img loading=\"lazy\" decoding=\"async\" width=\"603\" height=\"688\" src=\"https:\/\/iso.spdns.de\/wp-content\/uploads\/2025\/05\/Zeiss_Standard_GFL.png\" alt=\"\" class=\"wp-image-1379\" srcset=\"https:\/\/iso.spdns.de\/wp-content\/uploads\/2025\/05\/Zeiss_Standard_GFL.png 603w, https:\/\/iso.spdns.de\/wp-content\/uploads\/2025\/05\/Zeiss_Standard_GFL-263x300.png 263w\" sizes=\"auto, (max-width: 603px) 100vw, 603px\" \/><\/figure>\n\n\n\n<p><\/p>\n","protected":false},"excerpt":{"rendered":"<p>&#8230;. mir ist schon wieder ein Mikroskop zugeflogen &#8230; Wenn ich irgendwo ein Mikroskop stehen sehe, mu\u00df ich einfach nachfragen, was es damit auf sich hat. Als dies letztens mal wieder passierte, wurde mir das Mikroskop nach einem kurzen Gespr\u00e4ch f\u00fcr 20\u20ac zum Kauf angeboten und ich konnte nat\u00fcrlich nicht [&#8230;]<\/p>\n","protected":false},"author":1,"featured_media":0,"parent":0,"menu_order":0,"comment_status":"closed","ping_status":"closed","template":"","meta":{"footnotes":""},"class_list":["post-1370","page","type-page","status-publish","hentry"],"_links":{"self":[{"href":"https:\/\/iso.spdns.de\/index.php?rest_route=\/wp\/v2\/pages\/1370","targetHints":{"allow":["GET"]}}],"collection":[{"href":"https:\/\/iso.spdns.de\/index.php?rest_route=\/wp\/v2\/pages"}],"about":[{"href":"https:\/\/iso.spdns.de\/index.php?rest_route=\/wp\/v2\/types\/page"}],"author":[{"embeddable":true,"href":"https:\/\/iso.spdns.de\/index.php?rest_route=\/wp\/v2\/users\/1"}],"replies":[{"embeddable":true,"href":"https:\/\/iso.spdns.de\/index.php?rest_route=%2Fwp%2Fv2%2Fcomments&post=1370"}],"version-history":[{"count":3,"href":"https:\/\/iso.spdns.de\/index.php?rest_route=\/wp\/v2\/pages\/1370\/revisions"}],"predecessor-version":[{"id":1381,"href":"https:\/\/iso.spdns.de\/index.php?rest_route=\/wp\/v2\/pages\/1370\/revisions\/1381"}],"wp:attachment":[{"href":"https:\/\/iso.spdns.de\/index.php?rest_route=%2Fwp%2Fv2%2Fmedia&parent=1370"}],"curies":[{"name":"wp","href":"https:\/\/api.w.org\/{rel}","templated":true}]}}