{"id":563,"date":"2023-01-21T08:24:56","date_gmt":"2023-01-21T07:24:56","guid":{"rendered":"https:\/\/iso.spdns.de\/?page_id=563"},"modified":"2023-01-21T08:32:49","modified_gmt":"2023-01-21T07:32:49","slug":"computer-tips-und-tricks","status":"publish","type":"page","link":"https:\/\/iso.spdns.de\/?page_id=563","title":{"rendered":"Computer Tips und Tricks"},"content":{"rendered":"\n<h2 class=\"wp-block-heading\" id=\"AbT9\">Druckerprobleme LaserJet PRO 400 MFD<\/h2>\n\n\n\n<h2 class=\"wp-block-heading\" id=\"AbT9\">Der Drucker zieht kein Papier aus der ADF ein (nur M227-Drucker)<\/h2>\n\n\n\n<p>Die Meldung Einzugsfehler bei Dokumentenzuf\u00fchrung. Neu einlegen. wird auf dem Bedienfeld des Druckers angezeigt und die ADF zieht kein Papier ein.<\/p>\n\n\n\n<h3 class=\"wp-block-heading\">Schritt&nbsp;1: Reinigen der ADF-Walzen und der Trennvorrichtung<\/h3>\n\n\n\n<p>Staub und Papierr\u00fcckst\u00e4nde auf den Walzen oder der Trennvorrichtung im Inneren der automatischen Dokumentenzuf\u00fchrung (ADF) k\u00f6nnen Probleme mit der Papierzufuhr verursachen. \u00d6ffnen Sie die ADF und reinigen Sie dann die Walzen und die Trennvorrichtung der ADF.<\/p>\n\n\n\n<ol class=\"wp-block-list\">\n<li>Halten Sie Folgendes bereit:\n<ul class=\"wp-block-list\">\n<li>Ein sauberes, fusselfreies Tuch bzw. irgendein Tuch, das sich nicht aufl\u00f6st und keine Fasern hinterl\u00e4sst<\/li>\n\n\n\n<li>Destilliertes, gefiltertes oder abgef\u00fclltes Wasser (Leitungswasser besch\u00e4digt m\u00f6glicherweise den Drucker)<\/li>\n<\/ul>\n<\/li>\n\n\n\n<li>Entfernen Sie das Originaldokument aus der ADF.<\/li>\n\n\n\n<li>Schalten Sie den Drucker aus.<\/li>\n\n\n\n<li>Ziehen Sie das Netzkabel von der R\u00fcckseite des Druckers ab.<\/li>\n\n\n\n<li>\u00d6ffnen Sie die ADF-Abdeckung. <strong>Abbildung : \u00d6ffnen der ADF-Abdeckung<\/strong><img decoding=\"async\" src=\"https:\/\/support.hp.com\/doc-images\/452\/c04521407.gif\" alt=\"Abbildung: \u00d6ffnen der ADF-Abdeckung\"><\/li>\n\n\n\n<li>Machen Sie die Papieraufnahmewalzen und die Trennvorrichtung im Inneren der ADF ausfindig. <strong>Abbildung : Papieraufnahmewalzen und Trennvorrichtung<\/strong><img decoding=\"async\" src=\"https:\/\/support.hp.com\/doc-images\/325\/c04521408.gif\" alt=\"Abbildung: Papieraufnahmewalzen und Trennvorrichtung\"><\/li>\n\n\n\n<li>Feuchten Sie ein sauberes, fusselfreies Tuch leicht mit gefiltertem oder destilliertem Wasser an und wringen Sie das Tuch dann aus.<\/li>\n\n\n\n<li>Verwenden Sie das feuchte Tuch, um alle R\u00fcckst\u00e4nde von den Papieraufnahmewalzen und von der Trennvorrichtung abzuwischen.<\/li>\n\n\n\n<li>Lassen Sie die ADF-Abdeckung zwei Minuten lang offen, damit die Papieraufnahmewalzen und die Trennvorrichtung trocknen k\u00f6nnen.<\/li>\n\n\n\n<li>Schlie\u00dfen Sie die ADF-Abdeckung. <strong>Abbildung : Schlie\u00dfen der ADF-Abdeckung<\/strong><img decoding=\"async\" src=\"https:\/\/support.hp.com\/doc-images\/198\/c04521409.gif\" alt=\"Abbildung: Schlie\u00dfen der ADF-Abdeckung\"><\/li>\n\n\n\n<li>Legen Sie das Originaldokument mit der bedruckten Seite nach oben erneut in das Einzugsfach ein. Schieben Sie das Dokument vorsichtig bis zum Anschlag in den Drucker hinein. Hinweis:Legen Sie nicht mehr als 35 Bl\u00e4tter in die ADF ein. Gr\u00f6\u00dfere Papierstapel k\u00f6nnen zu Papiereinzugsproblemen f\u00fchren.<\/li>\n\n\n\n<li>Schieben Sie die Papierquerf\u00fchrungen nach innen, bis sie am Papier anliegen. Schieben Sie die Papierf\u00fchrungen nicht so weit nach innen, dass sie das Papier biegen.<\/li>\n\n\n\n<li>Schlie\u00dfen Sie das Netzkabel wieder an der R\u00fcckseite des Druckers an.<\/li>\n\n\n\n<li>Schalten Sie den Drucker ein.<\/li>\n<\/ol>\n\n\n\n<p>Versuchen Sie zu scannen oder zu kopieren. Wenn das Problem weiterhin besteht, fahren Sie mit dem n\u00e4chsten Schritt fort.<\/p>\n\n\n\n<h3 class=\"wp-block-heading\">Schritt&nbsp;2: Zur\u00fccksetzen des Druckers<\/h3>\n\n\n\n<p>Manchmal wird ein Fehler auch dann weiterhin angezeigt, wenn kein Problem mit der Papierzufuhr vorliegt. Setzen Sie den Drucker zur\u00fcck und versuchen Sie dann zu drucken.<\/p>\n\n\n\n<ol class=\"wp-block-list\">\n<li>Schalten Sie den Drucker ein, wenn er nicht bereits eingeschaltet ist.<\/li>\n\n\n\n<li>Warten Sie, bis der Drucker sich im Bereitschaftsmodus befindet und keine Ger\u00e4usche mehr verursacht, bevor Sie fortfahren.<\/li>\n\n\n\n<li>Ziehen Sie <strong>bei eingeschaltetem Drucker<\/strong> das Netzkabel von der R\u00fcckseite des Druckers ab.<\/li>\n\n\n\n<li>Ziehen Sie das Netzkabel aus der Steckdose.<\/li>\n\n\n\n<li>Warten Sie mindestens 60&nbsp;Sekunden.<\/li>\n\n\n\n<li>Schlie\u00dfen Sie das Netzkabel wieder an die Steckdose an. Hinweis:HP empfiehlt, das Netzkabel des Druckers direkt an eine Steckdose anzuschlie\u00dfen.<\/li>\n\n\n\n<li>Schlie\u00dfen Sie das Netzkabel wieder an der R\u00fcckseite des Druckers an.<\/li>\n\n\n\n<li>Schalten Sie den Drucker ein, wenn er nicht automatisch eingeschaltet wird. Der Drucker durchl\u00e4uft m\u00f6glicherweise eine Aufw\u00e4rmphase. M\u00f6glicherweise blinken die Drucker-LEDs und der Druckkopfwagen kann sich bewegen.<\/li>\n\n\n\n<li>Warten Sie, bis die Aufw\u00e4rmphase abgeschlossen ist und der Drucker sich im Bereitschaftsmodus befindet und keine Ger\u00e4usche mehr verursacht, bevor Sie fortfahren.<\/li>\n<\/ol>\n","protected":false},"excerpt":{"rendered":"<p>Druckerprobleme LaserJet PRO 400 MFD Der Drucker zieht kein Papier aus der ADF ein (nur M227-Drucker) Die Meldung Einzugsfehler bei Dokumentenzuf\u00fchrung. Neu einlegen. wird auf dem Bedienfeld des Druckers angezeigt und die ADF zieht kein Papier ein. Schritt&nbsp;1: Reinigen der ADF-Walzen und der Trennvorrichtung Staub und Papierr\u00fcckst\u00e4nde auf den Walzen [&#8230;]<\/p>\n","protected":false},"author":1,"featured_media":0,"parent":0,"menu_order":0,"comment_status":"closed","ping_status":"closed","template":"","meta":{"footnotes":""},"class_list":["post-563","page","type-page","status-publish","hentry"],"_links":{"self":[{"href":"https:\/\/iso.spdns.de\/index.php?rest_route=\/wp\/v2\/pages\/563","targetHints":{"allow":["GET"]}}],"collection":[{"href":"https:\/\/iso.spdns.de\/index.php?rest_route=\/wp\/v2\/pages"}],"about":[{"href":"https:\/\/iso.spdns.de\/index.php?rest_route=\/wp\/v2\/types\/page"}],"author":[{"embeddable":true,"href":"https:\/\/iso.spdns.de\/index.php?rest_route=\/wp\/v2\/users\/1"}],"replies":[{"embeddable":true,"href":"https:\/\/iso.spdns.de\/index.php?rest_route=%2Fwp%2Fv2%2Fcomments&post=563"}],"version-history":[{"count":3,"href":"https:\/\/iso.spdns.de\/index.php?rest_route=\/wp\/v2\/pages\/563\/revisions"}],"predecessor-version":[{"id":568,"href":"https:\/\/iso.spdns.de\/index.php?rest_route=\/wp\/v2\/pages\/563\/revisions\/568"}],"wp:attachment":[{"href":"https:\/\/iso.spdns.de\/index.php?rest_route=%2Fwp%2Fv2%2Fmedia&parent=563"}],"curies":[{"name":"wp","href":"https:\/\/api.w.org\/{rel}","templated":true}]}}