{"id":628,"date":"2023-02-05T18:12:57","date_gmt":"2023-02-05T17:12:57","guid":{"rendered":"https:\/\/iso.spdns.de\/?page_id=628"},"modified":"2023-02-07T20:46:30","modified_gmt":"2023-02-07T19:46:30","slug":"biotope","status":"publish","type":"page","link":"https:\/\/iso.spdns.de\/?page_id=628","title":{"rendered":"Biotope"},"content":{"rendered":"<p>Der Arbeitskreis G\u00f6ttinger Ornithologen bearbeitet interessante Fl\u00e4chen im s\u00fcdnieders\u00e4chsischen Raum. Diese Biotope unterliegen einem st\u00e4ndigen Wandel, der sich auch in den zu beobachtenden Vogelarten widerspiegelt. V\u00f6gel sind deshalb Indikatoren, aber wir versuchen auch andere Faktoren f\u00fcr den Wandel zu finden. Wir sammeln deshalb Bildmaterial, um Ver\u00e4nderungen in der Landschaft zu dokumentieren und dies mit Vogelbeobachten korrelieren zu k\u00f6nnen. In der Karte sind einige der Biotope mit Markierungen versehen, klickt man auf die Markierung, bekommt man einf\u00fchrende Informationen zu dem Biotop und einen weiterf\u00fchrenden Link. <\/p>\n\n<style type=\"text\/css\" id=\"umsMapStyles_1_51904\">\r\n    #ultimate_maps_1_51904 {\r\n        width: 100{492db390d636cc71a8a94a3174f79f7133d0cac0871374361394ab1eff9cafae};\r\n        height: 600px;\r\n                border: 0px solid ;\r\n        margin: 0px;\r\n    }\r\n    #mapsControlsNum_1_51904 {\r\n        width:100{492db390d636cc71a8a94a3174f79f7133d0cac0871374361394ab1eff9cafae}    }\r\n    .umsMapDetailsContainer#umsMapDetailsContainer_1_51904 {\r\n        height:600px;\r\n    }\r\n    .ums_MapPreview#ultimate_maps_1_51904 {\r\n        \/*position:absolute;*\/\r\n        width:100%;\r\n    }\r\n    #mapConElem_1_51904{\r\n        width:100{492db390d636cc71a8a94a3174f79f7133d0cac0871374361394ab1eff9cafae}    }\r\n    <\/style><div class=\"ums_map_opts\" id=\"mapConElem_1_51904\" data-id=\"1\" data-view-id=\"1_51904\" > <div class=\"umsMapDetailsContainer\" id=\"umsMapDetailsContainer_1_51904\"> <i class=\"umsKMLLayersPreloader fa fa-spinner fa-spin\" aria-hidden=\"true\" style=\"display: none;\"><\/i> <div class=\"ums_MapPreview \" id=\"ultimate_maps_1_51904\"><\/div> <\/div> <div class=\"umsMapMarkerFilters\" id=\"umsMapMarkerFilters_1_51904\"> <\/div> <div class=\"umsMapProControlsCon\" id=\"umsMapProControlsCon_1_51904\"> <a title=\"Google Map Plugin\" style=\"display:none;\" href=\"https:\/\/supsystic.com\/plugins\/google-maps-plugin\/?utm_medium=love_link_hide\" target=\"_blank\">Google Map Plugin<\/a><div style=\"clear: both;\"><\/div> <\/div> <div class=\"umsMapProDirectionsCon\" id=\"umsMapProDirectionsCon_1_51904\" > <\/div> <div class=\"umsMapProKmlFilterCon\" id=\"umsMapProKmlFilterCon_1_51904\" > <\/div> <div class=\"umsSocialSharingShell umsSocialSharingShell_1_51904\"> <\/div> <div style=\"clear: both;\"><\/div> <\/div>\n","protected":false},"excerpt":{"rendered":"<p>Der Arbeitskreis G\u00f6ttinger Ornithologen bearbeitet interessante Fl\u00e4chen im s\u00fcdnieders\u00e4chsischen Raum. Diese Biotope unterliegen einem st\u00e4ndigen Wandel, der sich auch in den zu beobachtenden Vogelarten widerspiegelt. V\u00f6gel sind deshalb Indikatoren, aber wir versuchen auch andere Faktoren f\u00fcr den Wandel zu finden. Wir sammeln deshalb Bildmaterial, um Ver\u00e4nderungen in der Landschaft zu [&#8230;]<\/p>\n","protected":false},"author":1,"featured_media":0,"parent":0,"menu_order":0,"comment_status":"closed","ping_status":"closed","template":"templates\/template-sidebar-right-no-title.php","meta":{"footnotes":""},"class_list":["post-628","page","type-page","status-publish","hentry"],"_links":{"self":[{"href":"https:\/\/iso.spdns.de\/index.php?rest_route=\/wp\/v2\/pages\/628","targetHints":{"allow":["GET"]}}],"collection":[{"href":"https:\/\/iso.spdns.de\/index.php?rest_route=\/wp\/v2\/pages"}],"about":[{"href":"https:\/\/iso.spdns.de\/index.php?rest_route=\/wp\/v2\/types\/page"}],"author":[{"embeddable":true,"href":"https:\/\/iso.spdns.de\/index.php?rest_route=\/wp\/v2\/users\/1"}],"replies":[{"embeddable":true,"href":"https:\/\/iso.spdns.de\/index.php?rest_route=%2Fwp%2Fv2%2Fcomments&post=628"}],"version-history":[{"count":8,"href":"https:\/\/iso.spdns.de\/index.php?rest_route=\/wp\/v2\/pages\/628\/revisions"}],"predecessor-version":[{"id":674,"href":"https:\/\/iso.spdns.de\/index.php?rest_route=\/wp\/v2\/pages\/628\/revisions\/674"}],"wp:attachment":[{"href":"https:\/\/iso.spdns.de\/index.php?rest_route=%2Fwp%2Fv2%2Fmedia&parent=628"}],"curies":[{"name":"wp","href":"https:\/\/api.w.org\/{rel}","templated":true}]}}