{"id":720,"date":"2023-02-08T10:14:36","date_gmt":"2023-02-08T09:14:36","guid":{"rendered":"https:\/\/iso.spdns.de\/?page_id=720"},"modified":"2023-11-27T11:48:44","modified_gmt":"2023-11-27T10:48:44","slug":"festplatte-klonen","status":"publish","type":"page","link":"https:\/\/iso.spdns.de\/?page_id=720","title":{"rendered":"Festplatte klonen"},"content":{"rendered":"\n<p>Mit Linux hat man die M\u00f6glichkeit eine Festplatte auf der Befehlszeile mit dem Programm dd (disk dump) mit folgendem Befehl zu klonen:<\/p>\n\n\n\n<p>sudo dd if=\/dev\/sda of=\/dev\/sdb status=progress<\/p>\n\n\n\n<p>Und es l\u00e4sst sich auch der <strong>dd-Output \u00fcber ssh<\/strong> weiterleiten und auf der Gegenseite wiederum zur\u00fcck an (das lokale) dd senden, das den empfangenen Datenstrom wie \u00fcblich in eine Datei schreibt:<\/p>\n\n\n\n<pre class=\"wp-block-code\"><code>ssh root@192.168.178.100 \"dd if=\/dev\/sda \" | dd of=\/home\/mirco\/xxx.img\n\nHier wird nicht auf ein Laufwerk geschrieben, sondern eine Image-Datei \u201exxx.img\u201c erstellt oder auf einen USB-Stick im entfernten PC:\n\nssh -t stefan_h@192.168.178.230 \"sudo dd if=\/dev\/sda | sudo dd of=\/dev\/sdb status=progress\"\n<\/code><\/pre>\n\n\n\n<p><\/p>\n\n\n\n<p class=\"has-link-color wp-elements-1493ee18863f220e68d285ec6fc2e7ea\">Alternativ bietet sich das Programm <a rel=\"noreferrer noopener\" href=\"https:\/\/clonezilla.org\/\" target=\"_blank\">Clonezilla<\/a> an, das von einem USB-Stick oder einer CD ein Linux startet und unabh\u00e4ngig vom installierten (zu klonenden) System verwendet werden kann.<\/p>\n","protected":false},"excerpt":{"rendered":"<p>Mit Linux hat man die M\u00f6glichkeit eine Festplatte auf der Befehlszeile mit dem Programm dd (disk dump) mit folgendem Befehl zu klonen: sudo dd if=\/dev\/sda of=\/dev\/sdb status=progress Und es l\u00e4sst sich auch der dd-Output \u00fcber ssh weiterleiten und auf der Gegenseite wiederum zur\u00fcck an (das lokale) dd senden, das den [&#8230;]<\/p>\n","protected":false},"author":1,"featured_media":0,"parent":0,"menu_order":0,"comment_status":"closed","ping_status":"closed","template":"","meta":{"footnotes":""},"class_list":["post-720","page","type-page","status-publish","hentry"],"_links":{"self":[{"href":"https:\/\/iso.spdns.de\/index.php?rest_route=\/wp\/v2\/pages\/720","targetHints":{"allow":["GET"]}}],"collection":[{"href":"https:\/\/iso.spdns.de\/index.php?rest_route=\/wp\/v2\/pages"}],"about":[{"href":"https:\/\/iso.spdns.de\/index.php?rest_route=\/wp\/v2\/types\/page"}],"author":[{"embeddable":true,"href":"https:\/\/iso.spdns.de\/index.php?rest_route=\/wp\/v2\/users\/1"}],"replies":[{"embeddable":true,"href":"https:\/\/iso.spdns.de\/index.php?rest_route=%2Fwp%2Fv2%2Fcomments&post=720"}],"version-history":[{"count":6,"href":"https:\/\/iso.spdns.de\/index.php?rest_route=\/wp\/v2\/pages\/720\/revisions"}],"predecessor-version":[{"id":1197,"href":"https:\/\/iso.spdns.de\/index.php?rest_route=\/wp\/v2\/pages\/720\/revisions\/1197"}],"wp:attachment":[{"href":"https:\/\/iso.spdns.de\/index.php?rest_route=%2Fwp%2Fv2%2Fmedia&parent=720"}],"curies":[{"name":"wp","href":"https:\/\/api.w.org\/{rel}","templated":true}]}}