{"id":796,"date":"2023-02-08T20:55:27","date_gmt":"2023-02-08T19:55:27","guid":{"rendered":"https:\/\/iso.spdns.de\/?page_id=796"},"modified":"2023-02-09T08:46:25","modified_gmt":"2023-02-09T07:46:25","slug":"webserver-fuer-den-erweiterten-eigenbedarf","status":"publish","type":"page","link":"https:\/\/iso.spdns.de\/?page_id=796","title":{"rendered":"Webserver f\u00fcr den (erweiterten) Eigenbedarf"},"content":{"rendered":"\n<p id=\"block-9dd5e77b-ab24-411c-bd9d-3a56207a65fd\">Da es bei den momentanen Strompreisen und aus Nachhaltigkeitsgr\u00fcnden m\u00f6glichst nur noch Hardware mit geringem Stromverbrauch eingesetzt wird, bin ich auf Thin Clients von HP umgestiegen, die ich f\u00fcr verschiedene Aufgaben einsetze. Auf dem Gebrauchtmarkt kann man diese kleinen PCs durchaus f\u00fcr 10-20\u20ac bekommen. Oft ist dann noch eine Aufr\u00fcstung erforderlich, aber mehr als 40-50\u20ac sind im Endeffekt nicht n\u00f6tig, um eine f\u00fcr Serveraufgaben geeignete Plattform verf\u00fcgbar zu haben.<\/p>\n\n\n\n<figure class=\"wp-block-image aligncenter is-resized\"><img loading=\"lazy\" decoding=\"async\" src=\"https:\/\/iso.spdns.de\/wp-content\/uploads\/2023\/02\/IMG_20230208_145736_edit_53900076930837-668x1024.jpg\" alt=\"Dieses Bild hat ein leeres Alt-Attribut. Der Dateiname ist IMG_20230208_145736_edit_53900076930837-668x1024.jpg\" width=\"334\" height=\"512\"\/><\/figure>\n\n\n\n<p id=\"block-55de89e1-cbde-45d8-9526-069ad7ea56f9\">Die PCs sind klein und sparsam und sogar Windows 11 ist auf dieser Hardware lauff\u00e4hig. Die nachfolgende Tabelle stammt von der <a rel=\"noreferrer noopener\" href=\"https:\/\/www.parkytowers.me.uk\/thin\/\" target=\"_blank\">ParkyTowers Website<\/a> und listet die Ausstattung der Thin Clients auf.<\/p>\n\n\n\n<figure class=\"wp-block-image aligncenter is-resized\"><img loading=\"lazy\" decoding=\"async\" src=\"https:\/\/iso.spdns.de\/wp-content\/uploads\/2023\/02\/grafik-8.png\" alt=\"Dieses Bild hat ein leeres Alt-Attribut. Der Dateiname ist grafik-8.png\" width=\"277\" height=\"349\"\/><\/figure>\n\n\n\n<p id=\"block-cc9894a5-4c17-4777-ba99-e548ad69914d\">Ich bevorzuge Linux als Serverbetriebssystem und verwende in der Regel <a rel=\"noreferrer noopener\" href=\"https:\/\/www.opensuse.org\/\" target=\"_blank\">OpenSuse<\/a> (momentan entweder <a rel=\"noreferrer noopener\" href=\"https:\/\/download.opensuse.org\/distribution\/leap\/15.4\/appliances\/iso\/openSUSE-Leap-15.4-CR-DVD-x86_64-Media.iso\" target=\"_blank\">Leap 15.4<\/a> oder <a rel=\"noreferrer noopener\" href=\"https:\/\/get.opensuse.org\/tumbleweed\/#download\" target=\"_blank\">Tumbleweed<\/a>) als Basis f\u00fcr einen Apache 2 Webserver, der mit der Skriptsprache php und mysql als Datenbank betrieben wird.<\/p>\n\n\n\n<figure class=\"wp-block-image aligncenter is-resized\" id=\"block-c5b61eac-c953-4241-87ab-a893ed2068d2\"><img loading=\"lazy\" decoding=\"async\" src=\"https:\/\/iso.spdns.de\/wp-content\/uploads\/2023\/02\/IMG_20230208_145547_edit_53940150013643-851x1024.jpg\" alt=\"Dieses Bild hat ein leeres Alt-Attribut. Der Dateiname ist IMG_20230208_145547_edit_53940150013643-851x1024.jpg\" width=\"426\" height=\"512\"\/><figcaption class=\"wp-element-caption\">R\u00fcckseite des HP t620 mit vielen Anschlu\u00dfm\u00f6glichkeiten<\/figcaption><\/figure>\n\n\n\n<p id=\"block-5eadf57a-a32f-4687-828e-a78444adb579\">Die Nutzung begrenzt letztlich haupts\u00e4chlich, dass aus Platzgr\u00fcnden lediglich eine M.2 SATA SSD Festplatte verbaut werden kann. Der Formfaktor ist etwas ungew\u00f6hnlich, erf\u00fcllt jedoch die Anforderung Platz zu sparen sehr gut und wurde haupts\u00e4chlich in Laptops verbaut.<\/p>\n\n\n\n<figure class=\"wp-block-image aligncenter is-resized\"><img loading=\"lazy\" decoding=\"async\" src=\"https:\/\/iso.spdns.de\/wp-content\/uploads\/2023\/02\/IMG_20230208_203546_edit_61491748691137-1-1024x665.jpg\" alt=\"\" class=\"wp-image-792\" width=\"256\" height=\"166\" srcset=\"https:\/\/iso.spdns.de\/wp-content\/uploads\/2023\/02\/IMG_20230208_203546_edit_61491748691137-1-1024x665.jpg 1024w, https:\/\/iso.spdns.de\/wp-content\/uploads\/2023\/02\/IMG_20230208_203546_edit_61491748691137-1-300x195.jpg 300w, https:\/\/iso.spdns.de\/wp-content\/uploads\/2023\/02\/IMG_20230208_203546_edit_61491748691137-1-768x499.jpg 768w, https:\/\/iso.spdns.de\/wp-content\/uploads\/2023\/02\/IMG_20230208_203546_edit_61491748691137-1-1536x998.jpg 1536w, https:\/\/iso.spdns.de\/wp-content\/uploads\/2023\/02\/IMG_20230208_203546_edit_61491748691137-1-1800x1169.jpg 1800w, https:\/\/iso.spdns.de\/wp-content\/uploads\/2023\/02\/IMG_20230208_203546_edit_61491748691137-1.jpg 1961w\" sizes=\"auto, (max-width: 256px) 100vw, 256px\" \/><figcaption class=\"wp-element-caption\">M.2 SSD hier mit 32GB Kapazit\u00e4t<\/figcaption><\/figure>\n\n\n\n<p>Das Einbauen oder Tauschen der SSDs geht aber bei diesen PCs sehr einfach, weil sich das Geh\u00e4use ohne Werkzeug \u00f6ffnen und schlie\u00dfen l\u00e4\u00dft.<\/p>\n","protected":false},"excerpt":{"rendered":"<p>Da es bei den momentanen Strompreisen und aus Nachhaltigkeitsgr\u00fcnden m\u00f6glichst nur noch Hardware mit geringem Stromverbrauch eingesetzt wird, bin ich auf Thin Clients von HP umgestiegen, die ich f\u00fcr verschiedene Aufgaben einsetze. Auf dem Gebrauchtmarkt kann man diese kleinen PCs durchaus f\u00fcr 10-20\u20ac bekommen. Oft ist dann noch eine Aufr\u00fcstung [&#8230;]<\/p>\n","protected":false},"author":1,"featured_media":0,"parent":0,"menu_order":0,"comment_status":"closed","ping_status":"closed","template":"","meta":{"footnotes":""},"class_list":["post-796","page","type-page","status-publish","hentry"],"_links":{"self":[{"href":"https:\/\/iso.spdns.de\/index.php?rest_route=\/wp\/v2\/pages\/796","targetHints":{"allow":["GET"]}}],"collection":[{"href":"https:\/\/iso.spdns.de\/index.php?rest_route=\/wp\/v2\/pages"}],"about":[{"href":"https:\/\/iso.spdns.de\/index.php?rest_route=\/wp\/v2\/types\/page"}],"author":[{"embeddable":true,"href":"https:\/\/iso.spdns.de\/index.php?rest_route=\/wp\/v2\/users\/1"}],"replies":[{"embeddable":true,"href":"https:\/\/iso.spdns.de\/index.php?rest_route=%2Fwp%2Fv2%2Fcomments&post=796"}],"version-history":[{"count":3,"href":"https:\/\/iso.spdns.de\/index.php?rest_route=\/wp\/v2\/pages\/796\/revisions"}],"predecessor-version":[{"id":799,"href":"https:\/\/iso.spdns.de\/index.php?rest_route=\/wp\/v2\/pages\/796\/revisions\/799"}],"wp:attachment":[{"href":"https:\/\/iso.spdns.de\/index.php?rest_route=%2Fwp%2Fv2%2Fmedia&parent=796"}],"curies":[{"name":"wp","href":"https:\/\/api.w.org\/{rel}","templated":true}]}}