{"id":809,"date":"2023-02-12T16:46:46","date_gmt":"2023-02-12T15:46:46","guid":{"rendered":"https:\/\/iso.spdns.de\/?page_id=809"},"modified":"2023-03-01T22:37:10","modified_gmt":"2023-03-01T21:37:10","slug":"one-wire-file-system","status":"publish","type":"page","link":"https:\/\/iso.spdns.de\/?page_id=809","title":{"rendered":"One Wire File System"},"content":{"rendered":"\n<p>Vor dem Starten mu\u00df das Verzeichnis  \/srv\/www\/htdocs\/messen angelegt und dem user wwwrun zugeordnet werden.<\/p>\n\n\n\n<p><\/p>\n\n\n\n<p>owfs -C &#8211;uall -m \/srv\/www\/htdocs\/messen\/<\/p>\n\n\n\n<p>Der Befehl startet owfs f\u00fcr alle \u00fcber USB eingeh\u00e4ngten Busmaster mit der Mount-Option \/srv\/www\/htdocs\/messen und die Temperatur wird in \u00b0C angegezeigt<\/p>\n\n\n\n<hr class=\"wp-block-separator has-alpha-channel-opacity\"\/>\n\n\n\n<h2 class=\"alignfull wp-block-heading\">                                 &#8212;&#8212;&#8212;&#8212;&#8212;&#8212;&#8212;&#8212;&#8212;&#8212;&#8212;&#8212;&#8212;&#8212;&#8212;&#8212;&#8212;&#8212;&#8212;&#8212;&#8212;&#8212;&#8212;&#8212;&#8212;-<\/h2>\n\n\n\n<h1 class=\"wp-block-heading\">server uses device usb<\/h1>\n\n\n\n<p>server: device = \/dev\/uall<\/p>\n\n\n\n<h1 class=\"wp-block-heading\">clients other than server use server<\/h1>\n\n\n\n<p>! server: server = localhost:4304<\/p>\n\n\n\n<h1 class=\"wp-block-heading\">port<\/h1>\n\n\n\n<p>server: port = 4304<\/p>\n\n\n\n<h1 class=\"wp-block-heading\">owhttpd<\/h1>\n\n\n\n<p>http: port = 2121<\/p>\n\n\n\n<h1 class=\"wp-block-heading\">owftpd<\/h1>\n\n\n\n<p>ftp: port = 2120<\/p>\n\n\n\n<h2 class=\"alignfull has-text-align-left wp-block-heading\">                                 owfs.conf Datei in \/etc\/ erlaubt es owfs \u00fcber systemd zu starten.<\/h2>\n\n\n\n<p><br><\/p>\n","protected":false},"excerpt":{"rendered":"<p>Vor dem Starten mu\u00df das Verzeichnis \/srv\/www\/htdocs\/messen angelegt und dem user wwwrun zugeordnet werden. owfs -C &#8211;uall -m \/srv\/www\/htdocs\/messen\/ Der Befehl startet owfs f\u00fcr alle \u00fcber USB eingeh\u00e4ngten Busmaster mit der Mount-Option \/srv\/www\/htdocs\/messen und die Temperatur wird in \u00b0C angegezeigt &#8212;&#8212;&#8212;&#8212;&#8212;&#8212;&#8212;&#8212;&#8212;&#8212;&#8212;&#8212;&#8212;&#8212;&#8212;&#8212;&#8212;&#8212;&#8212;&#8212;&#8212;&#8212;&#8212;&#8212;&#8212;- server uses device usb server: device = \/dev\/uall clients [&#8230;]<\/p>\n","protected":false},"author":1,"featured_media":0,"parent":0,"menu_order":0,"comment_status":"closed","ping_status":"closed","template":"","meta":{"footnotes":""},"class_list":["post-809","page","type-page","status-publish","hentry"],"_links":{"self":[{"href":"https:\/\/iso.spdns.de\/index.php?rest_route=\/wp\/v2\/pages\/809","targetHints":{"allow":["GET"]}}],"collection":[{"href":"https:\/\/iso.spdns.de\/index.php?rest_route=\/wp\/v2\/pages"}],"about":[{"href":"https:\/\/iso.spdns.de\/index.php?rest_route=\/wp\/v2\/types\/page"}],"author":[{"embeddable":true,"href":"https:\/\/iso.spdns.de\/index.php?rest_route=\/wp\/v2\/users\/1"}],"replies":[{"embeddable":true,"href":"https:\/\/iso.spdns.de\/index.php?rest_route=%2Fwp%2Fv2%2Fcomments&post=809"}],"version-history":[{"count":4,"href":"https:\/\/iso.spdns.de\/index.php?rest_route=\/wp\/v2\/pages\/809\/revisions"}],"predecessor-version":[{"id":881,"href":"https:\/\/iso.spdns.de\/index.php?rest_route=\/wp\/v2\/pages\/809\/revisions\/881"}],"wp:attachment":[{"href":"https:\/\/iso.spdns.de\/index.php?rest_route=%2Fwp%2Fv2%2Fmedia&parent=809"}],"curies":[{"name":"wp","href":"https:\/\/api.w.org\/{rel}","templated":true}]}}