{"id":873,"date":"2023-03-01T22:14:22","date_gmt":"2023-03-01T21:14:22","guid":{"rendered":"https:\/\/iso.spdns.de\/?page_id=873"},"modified":"2023-03-01T22:14:22","modified_gmt":"2023-03-01T21:14:22","slug":"873-2","status":"publish","type":"page","link":"https:\/\/iso.spdns.de\/?page_id=873","title":{"rendered":""},"content":{"rendered":"\n<p><strong>Verschlei\u00dfindikator &#8211; <\/strong>Fahrradfelgen<\/p>\n\n\n\n<ul class=\"wp-block-list\">\n<li>manche Felgen haben eine Rinne in der Bremsfl\u00e4che.&nbsp; Eine Felge mit Indikator h\u00e4lt aufgrund der geringeren Bremsfl\u00e4che ca. 10{492db390d636cc71a8a94a3174f79f7133d0cac0871374361394ab1eff9cafae} weniger lange<\/li>\n\n\n\n<li>Wenn die Felge so weit abgenutzt ist, dass die Rinne eben ist, ist die Verschlei\u00dfgrenze der Felge erreicht.<\/li>\n\n\n\n<li>Es gibt auch Felgen, die einen verdeckten Indikator oder nur einzelne Bohrungen haben.&nbsp;<\/li>\n<\/ul>\n","protected":false},"excerpt":{"rendered":"<p>Verschlei\u00dfindikator &#8211; Fahrradfelgen<\/p>\n","protected":false},"author":1,"featured_media":0,"parent":0,"menu_order":0,"comment_status":"closed","ping_status":"closed","template":"","meta":{"footnotes":""},"class_list":["post-873","page","type-page","status-publish","hentry"],"_links":{"self":[{"href":"https:\/\/iso.spdns.de\/index.php?rest_route=\/wp\/v2\/pages\/873","targetHints":{"allow":["GET"]}}],"collection":[{"href":"https:\/\/iso.spdns.de\/index.php?rest_route=\/wp\/v2\/pages"}],"about":[{"href":"https:\/\/iso.spdns.de\/index.php?rest_route=\/wp\/v2\/types\/page"}],"author":[{"embeddable":true,"href":"https:\/\/iso.spdns.de\/index.php?rest_route=\/wp\/v2\/users\/1"}],"replies":[{"embeddable":true,"href":"https:\/\/iso.spdns.de\/index.php?rest_route=%2Fwp%2Fv2%2Fcomments&post=873"}],"version-history":[{"count":1,"href":"https:\/\/iso.spdns.de\/index.php?rest_route=\/wp\/v2\/pages\/873\/revisions"}],"predecessor-version":[{"id":874,"href":"https:\/\/iso.spdns.de\/index.php?rest_route=\/wp\/v2\/pages\/873\/revisions\/874"}],"wp:attachment":[{"href":"https:\/\/iso.spdns.de\/index.php?rest_route=%2Fwp%2Fv2%2Fmedia&parent=873"}],"curies":[{"name":"wp","href":"https:\/\/api.w.org\/{rel}","templated":true}]}}