{"id":911,"date":"2023-03-20T21:51:44","date_gmt":"2023-03-20T20:51:44","guid":{"rendered":"https:\/\/iso.spdns.de\/?page_id=911"},"modified":"2023-03-20T21:51:44","modified_gmt":"2023-03-20T20:51:44","slug":"wild-m420-makroskop","status":"publish","type":"page","link":"https:\/\/iso.spdns.de\/?page_id=911","title":{"rendered":"Wild M420 Makroskop"},"content":{"rendered":"\n<p>In der letzten Woche hat ein weiteres optisches Ger\u00e4t den Weg in mein Kellerlabor gefunden. Makroaufnahmen zu machen zu k\u00f6nnen, ist eine sehr willkommene Erg\u00e4nzung f\u00fcr mich. Auch bisher habe ich das schon gemacht, allerdings meistens aus der freien Hand beim Photographieren von Bl\u00fcten und manchmal auch von Schmetterlingen. Ab jetzt ergeben sich da andere M\u00f6glichkeiten.<\/p>\n\n\n\n<figure class=\"wp-block-image aligncenter size-large\"><img loading=\"lazy\" decoding=\"async\" width=\"512\" height=\"1024\" src=\"https:\/\/iso.spdns.de\/wp-content\/uploads\/2023\/03\/IMG_20230320_194054-512x1024.jpg\" alt=\"\" class=\"wp-image-905\" srcset=\"https:\/\/iso.spdns.de\/wp-content\/uploads\/2023\/03\/IMG_20230320_194054-512x1024.jpg 512w, https:\/\/iso.spdns.de\/wp-content\/uploads\/2023\/03\/IMG_20230320_194054-150x300.jpg 150w, https:\/\/iso.spdns.de\/wp-content\/uploads\/2023\/03\/IMG_20230320_194054-768x1536.jpg 768w, https:\/\/iso.spdns.de\/wp-content\/uploads\/2023\/03\/IMG_20230320_194054-1024x2048.jpg 1024w, https:\/\/iso.spdns.de\/wp-content\/uploads\/2023\/03\/IMG_20230320_194054-1800x3600.jpg 1800w, https:\/\/iso.spdns.de\/wp-content\/uploads\/2023\/03\/IMG_20230320_194054-scaled.jpg 1280w\" sizes=\"auto, (max-width: 512px) 100vw, 512px\" \/><figcaption class=\"wp-element-caption\">Wild M420 Makroskop<\/figcaption><\/figure>\n\n\n\n<p>Die Herausforderung besteht nun erstmal darin eine Kamera zu adaptieren. Gl\u00fccklicherweise ist ein Anschlu\u00dftubus f\u00fcr eine Kamera bereits vorhanden und einen Adapter von T2 auf MFT habe ich in der Stadt f\u00fcr 9\u20ac gebraucht gefunden. Nun kann ich mit einer \u00e4lteren Panasonic Lumix FX7 zumindest ein wenig testen. Ideal ist dies noch nicht, da die MFT-Kameras nur einen kleinen Sensor besitzen und somit nur ein kleiner Bildausschnitt auf dem Chip abgebildet werden kann.<\/p>\n\n\n\n<figure class=\"wp-block-image size-large\"><img loading=\"lazy\" decoding=\"async\" width=\"1024\" height=\"683\" src=\"https:\/\/iso.spdns.de\/wp-content\/uploads\/2023\/03\/1900369-1024x683.jpg\" alt=\"\" class=\"wp-image-901\" srcset=\"https:\/\/iso.spdns.de\/wp-content\/uploads\/2023\/03\/1900369-1024x683.jpg 1024w, https:\/\/iso.spdns.de\/wp-content\/uploads\/2023\/03\/1900369-300x200.jpg 300w, https:\/\/iso.spdns.de\/wp-content\/uploads\/2023\/03\/1900369-768x512.jpg 768w, https:\/\/iso.spdns.de\/wp-content\/uploads\/2023\/03\/1900369-1536x1025.jpg 1536w, https:\/\/iso.spdns.de\/wp-content\/uploads\/2023\/03\/1900369-2048x1367.jpg 2048w, https:\/\/iso.spdns.de\/wp-content\/uploads\/2023\/03\/1900369-1800x1201.jpg 1800w\" sizes=\"auto, (max-width: 1024px) 100vw, 1024px\" \/><figcaption class=\"wp-element-caption\">1 Cent M\u00fcnze als Testmotiv<\/figcaption><\/figure>\n","protected":false},"excerpt":{"rendered":"<p>In der letzten Woche hat ein weiteres optisches Ger\u00e4t den Weg in mein Kellerlabor gefunden. Makroaufnahmen zu machen zu k\u00f6nnen, ist eine sehr willkommene Erg\u00e4nzung f\u00fcr mich. Auch bisher habe ich das schon gemacht, allerdings meistens aus der freien Hand beim Photographieren von Bl\u00fcten und manchmal auch von Schmetterlingen. Ab [&#8230;]<\/p>\n","protected":false},"author":1,"featured_media":0,"parent":0,"menu_order":0,"comment_status":"closed","ping_status":"closed","template":"","meta":{"footnotes":""},"class_list":["post-911","page","type-page","status-publish","hentry"],"_links":{"self":[{"href":"https:\/\/iso.spdns.de\/index.php?rest_route=\/wp\/v2\/pages\/911","targetHints":{"allow":["GET"]}}],"collection":[{"href":"https:\/\/iso.spdns.de\/index.php?rest_route=\/wp\/v2\/pages"}],"about":[{"href":"https:\/\/iso.spdns.de\/index.php?rest_route=\/wp\/v2\/types\/page"}],"author":[{"embeddable":true,"href":"https:\/\/iso.spdns.de\/index.php?rest_route=\/wp\/v2\/users\/1"}],"replies":[{"embeddable":true,"href":"https:\/\/iso.spdns.de\/index.php?rest_route=%2Fwp%2Fv2%2Fcomments&post=911"}],"version-history":[{"count":3,"href":"https:\/\/iso.spdns.de\/index.php?rest_route=\/wp\/v2\/pages\/911\/revisions"}],"predecessor-version":[{"id":914,"href":"https:\/\/iso.spdns.de\/index.php?rest_route=\/wp\/v2\/pages\/911\/revisions\/914"}],"wp:attachment":[{"href":"https:\/\/iso.spdns.de\/index.php?rest_route=%2Fwp%2Fv2%2Fmedia&parent=911"}],"curies":[{"name":"wp","href":"https:\/\/api.w.org\/{rel}","templated":true}]}}