{"id":972,"date":"2023-06-14T16:29:56","date_gmt":"2023-06-14T14:29:56","guid":{"rendered":"https:\/\/iso.spdns.de\/?page_id=972"},"modified":"2023-06-14T16:58:44","modified_gmt":"2023-06-14T14:58:44","slug":"bosch-bohrmaschinen","status":"publish","type":"page","link":"https:\/\/iso.spdns.de\/?page_id=972","title":{"rendered":"Bosch &#8211; Bohrmaschinen &#8211; Nomenklatur"},"content":{"rendered":"\n<ul class=\"wp-block-list\">\n<li>G&nbsp;&nbsp; = gewerbliches Werkzeug<\/li>\n\n\n\n<li>BH = Bohrhammer<\/li>\n\n\n\n<li>SH = Schlaghammer<\/li>\n<\/ul>\n\n\n\n<p>Die erste Ziffer bezeichnet die Gewichtsklasse, also z. B. \u201e2\u201c f\u00fcr die 2 kg Klasse, unser Schwergewicht ist z. B. der GSH 27, also ein Schlaghammer in der 27 kg-Klasse.<\/p>\n\n\n\n<p>Nach dem Minus steht der max. Bohrbereich, im Beispiel die 26 f\u00fcr max. Bohrdurchmesser 26 mm.<\/p>\n\n\n\n<p>Dann kommen \u201aBuchstaben:<\/p>\n\n\n\n<ul class=\"wp-block-list\">\n<li>A f\u00fcr Absaugung<\/li>\n\n\n\n<li>C f\u00fcr Constantelektronik<\/li>\n\n\n\n<li>D f\u00fcr Drehstopp, also Mei\u00dfelfunktion<\/li>\n\n\n\n<li>E f\u00fcr Elektronik, = Gasgebefunktion<\/li>\n\n\n\n<li>F f\u00fcr Wechselfutter (von SDS-plus auf Bohrfutter)<\/li>\n\n\n\n<li>R f\u00fcr Reversibel = Linkslauf<\/li>\n<\/ul>\n\n\n\n<p>Daraus ergeben sich dann Kombination wie \u201eDFR\u201c. Dieser Bohrhammer hat Drehstopp, Wechselfutter und Rechts-\/Linkslauf. Oder \u201eDER\u201c &#8211;&nbsp; dieser Bohrhammer hat Drehstopp, Rechts-\/Linkslauf und Gasgebefunktion.<\/p>\n\n\n\n<p>Ein \u201eRE\u201c hat Rechts-\/Linkslauf und Gasgebeelektronik.<\/p>\n\n\n\n<p>Bei der Taufe von Professional Maschinen wollte man nicht mehr 3 Buchstaben hinten anstellen, deshalb hat z. B. der \u201eDRF\u201c automatisch auch eine Gasgebefunktion, diese ist quasi im \u201eR\u201c enthalten.<\/p>\n\n\n\n<p>Bei Bezeichnungen f\u00fcr andere Werkzeuggruppen kann ein gleicher Buchstabe oder eine Zahlenkombination eine andere Bedeutung haben. Daf\u00fcr ein Beispiel: GSH 16-28 bzw. 16-30. Das w\u00e4re dann ein Schlaghammer in der 16 kg Klasse mit einem Bohrbereich von 28 resp. 30 mm. Hier bedeuten aber die Zahlen nach dem Minus, die Sechskantaufnahme von 28 mm bzw. 30 mm.<\/p>\n","protected":false},"excerpt":{"rendered":"<p>Die erste Ziffer bezeichnet die Gewichtsklasse, also z. B. \u201e2\u201c f\u00fcr die 2 kg Klasse, unser Schwergewicht ist z. B. der GSH 27, also ein Schlaghammer in der 27 kg-Klasse. Nach dem Minus steht der max. Bohrbereich, im Beispiel die 26 f\u00fcr max. Bohrdurchmesser 26 mm. Dann kommen \u201aBuchstaben: Daraus [&#8230;]<\/p>\n","protected":false},"author":1,"featured_media":0,"parent":0,"menu_order":0,"comment_status":"closed","ping_status":"closed","template":"","meta":{"footnotes":""},"class_list":["post-972","page","type-page","status-publish","hentry"],"_links":{"self":[{"href":"https:\/\/iso.spdns.de\/index.php?rest_route=\/wp\/v2\/pages\/972","targetHints":{"allow":["GET"]}}],"collection":[{"href":"https:\/\/iso.spdns.de\/index.php?rest_route=\/wp\/v2\/pages"}],"about":[{"href":"https:\/\/iso.spdns.de\/index.php?rest_route=\/wp\/v2\/types\/page"}],"author":[{"embeddable":true,"href":"https:\/\/iso.spdns.de\/index.php?rest_route=\/wp\/v2\/users\/1"}],"replies":[{"embeddable":true,"href":"https:\/\/iso.spdns.de\/index.php?rest_route=%2Fwp%2Fv2%2Fcomments&post=972"}],"version-history":[{"count":2,"href":"https:\/\/iso.spdns.de\/index.php?rest_route=\/wp\/v2\/pages\/972\/revisions"}],"predecessor-version":[{"id":976,"href":"https:\/\/iso.spdns.de\/index.php?rest_route=\/wp\/v2\/pages\/972\/revisions\/976"}],"wp:attachment":[{"href":"https:\/\/iso.spdns.de\/index.php?rest_route=%2Fwp%2Fv2%2Fmedia&parent=972"}],"curies":[{"name":"wp","href":"https:\/\/api.w.org\/{rel}","templated":true}]}}